{"id":3021,"date":"2022-09-27T11:13:25","date_gmt":"2022-09-27T11:13:25","guid":{"rendered":"https:\/\/sardiniaotel.com\/?page_id=3021"},"modified":"2023-09-20T16:27:39","modified_gmt":"2023-09-20T16:27:39","slug":"comments","status":"publish","type":"page","link":"https:\/\/sardiniaotel.com\/en\/comments\/","title":{"rendered":"Comments"},"content":{"rendered":"\t\t<div data-elementor-type=\"wp-post\" data-elementor-id=\"3021\" class=\"elementor elementor-3021\">\n\t\t\t\t\t\t<section class=\"elementor-section elementor-top-section elementor-element elementor-element-d3b2349 elementor-section-boxed elementor-section-height-default elementor-section-height-default\" data-id=\"d3b2349\" data-element_type=\"section\">\n\t\t\t\t\t\t<div class=\"elementor-container elementor-column-gap-default\">\n\t\t\t\t\t<div class=\"elementor-column elementor-col-100 elementor-top-column elementor-element elementor-element-5991458\" data-id=\"5991458\" data-element_type=\"column\">\n\t\t\t<div class=\"elementor-widget-wrap elementor-element-populated\">\n\t\t\t\t\t\t<div class=\"elementor-element elementor-element-e1d1d2a elementor-widget elementor-widget-spacer\" data-id=\"e1d1d2a\" data-element_type=\"widget\" data-widget_type=\"spacer.default\">\n\t\t\t\t<div class=\"elementor-widget-container\">\n\t\t\t\t\t\t\t<div class=\"elementor-spacer\">\n\t\t\t<div class=\"elementor-spacer-inner\"><\/div>\n\t\t<\/div>\n\t\t\t\t\t\t<\/div>\n\t\t\t\t<\/div>\n\t\t\t\t\t<\/div>\n\t\t<\/div>\n\t\t\t\t\t<\/div>\n\t\t<\/section>\n\t\t\t\t<section class=\"elementor-section elementor-top-section elementor-element elementor-element-bf6e728 elementor-section-boxed elementor-section-height-default elementor-section-height-default\" data-id=\"bf6e728\" data-element_type=\"section\">\n\t\t\t\t\t\t<div class=\"elementor-container elementor-column-gap-default\">\n\t\t\t\t\t<div class=\"elementor-column elementor-col-100 elementor-top-column elementor-element elementor-element-3e0400a\" data-id=\"3e0400a\" data-element_type=\"column\">\n\t\t\t<div class=\"elementor-widget-wrap elementor-element-populated\">\n\t\t\t\t\t\t<div class=\"elementor-element elementor-element-5fdda65 elementor-testimonial-alignment-center elementor-testimonial-style-1 elementor-widget elementor-widget-opal-testimonials\" data-id=\"5fdda65\" data-element_type=\"widget\" data-widget_type=\"opal-testimonials.default\">\n\t\t\t\t<div class=\"elementor-widget-container\">\n\t\t\t\t\t            <div class=\"elementor-testimonial-wrapper elementor-testimonial-text-align-center\">\n                <div class=\"row\" data-elementor-columns=\"1\">\n                                            <div class=\"elementor-testimonial-item column-item\">\n\n                            <div class=\"elementor-testimonial-content-wrapper\">\n\n                                \n                                                                    <h2 class=\"elementor-testimonial-title\">Memnun Kald\u0131k<\/h2>\n                                \n                                <div class=\"elementor-testimonial-content\">\n                                    Eyl\u00fcl ay\u0131nda, otelde konaklad\u0131k..\nCan beyin ve \u00e7al\u0131\u015fanlar\u0131n samimiyetleri,s\u0131cakkanl\u0131 yakla\u015f\u0131mlar\u0131 bizi \u00e7ok mutlu etti\u2026\nOtel,temiz ve nezih\u2026Merkezde olmas\u0131 nedeniyle de y\u00fcr\u00fcyerek Amasra\u2019da gezme imkan\u0131 bulduk\u2026.\nKesinlikle herkese \u00f6neriyoruz\u2026                                <\/div>\n                                <div class=\"elementor-testimonial-meta-inner\">\n\n                                    <div class=\"elementor-testimonial-rating star_5\">\n\n                                                                                    <i class=\"fa fa-star\" aria-hidden=\"true\"><\/i>\n                                                                                        <i class=\"fa fa-star\" aria-hidden=\"true\"><\/i>\n                                                                                        <i class=\"fa fa-star\" aria-hidden=\"true\"><\/i>\n                                                                                        <i class=\"fa fa-star\" aria-hidden=\"true\"><\/i>\n                                                                                        <i class=\"fa fa-star\" aria-hidden=\"true\"><\/i>\n                                                                                <\/div>\n\n                                            <div class=\"elementor-testimonial-image\">\n                    <\/div>\n        \n                                    <div class=\"elementor-testimonial-details\">\n                                                                                <div class=\"elementor-testimonial-name\"><a href=\"#\">Nazan \u00c7elik<\/a><\/div>\n                                        <div class=\"elementor-testimonial-job\">20 Eyl\u00fcl 2023<\/div>\n                                    <\/div>\n                                <\/div>\n\n                            <\/div>\n\n                        <\/div>\n                                    <\/div>\n            <\/div>\n            \t\t\t\t<\/div>\n\t\t\t\t<\/div>\n\t\t\t\t\t<\/div>\n\t\t<\/div>\n\t\t\t\t\t<\/div>\n\t\t<\/section>\n\t\t\t\t<div class=\"elementor-section elementor-top-section elementor-element elementor-element-6329b57 elementor-section-stretched elementor-section-boxed elementor-section-height-default elementor-section-height-default\" data-id=\"6329b57\" data-element_type=\"section\" data-settings=\"{&quot;stretch_section&quot;:&quot;section-stretched&quot;}\">\n\t\t\t\t\t\t<div class=\"elementor-container elementor-column-gap-no\">\n\t\t\t\t\t<div class=\"elementor-column elementor-col-100 elementor-top-column elementor-element elementor-element-8123cb5\" data-id=\"8123cb5\" data-element_type=\"column\" data-settings=\"{&quot;background_background&quot;:&quot;classic&quot;}\">\n\t\t\t<div class=\"elementor-widget-wrap elementor-element-populated\">\n\t\t\t\t\t\t<div class=\"elementor-element elementor-element-5eb4a69 elementor-testimonial-alignment-center elementor-testimonial-style-1 elementor-widget elementor-widget-opal-testimonials\" data-id=\"5eb4a69\" data-element_type=\"widget\" data-widget_type=\"opal-testimonials.default\">\n\t\t\t\t<div class=\"elementor-widget-container\">\n\t\t\t\t\t            <div class=\"elementor-testimonial-wrapper elementor-testimonial-text-align-center\">\n                <div class=\"row\" data-elementor-columns=\"1\">\n                                            <div class=\"elementor-testimonial-item column-item\">\n\n                            <div class=\"elementor-testimonial-content-wrapper\">\n\n                                \n                                                                    <h2 class=\"elementor-testimonial-title\">Memnun Kald\u0131k<\/h2>\n                                \n                                <div class=\"elementor-testimonial-content\">\n                                    \"Merhaba,\n29-30 Nisan ve 1 May\u0131s tarihleri aras\u0131nda Amasra'y\u0131 ilk kez g\u00f6rmek istiyorduk. \u0130\u015f yerimizdeki arkada\u015f\u0131m\u0131z\u0131n tavsiyesi \u00fczerine Sardinia otelinde 104 ve 205 nolu odalarda rezervasyon yapt\u0131rd\u0131k. Telefonda ilgilenmeleri otele gitmeden \u00f6nce ad\u0131m\u0131za otoparkta yer ay\u0131rtmalar\u0131, kar\u015f\u0131lamalar\u0131 gayet g\u00fczeldi. Otel \u00e7al\u0131\u015fanlar\u0131 \u00e7ok ilgili, bir \u015fey sordu\u011funuzda veya istedi\u011finizde hemen yard\u0131mc\u0131 oluyorlar. Otelin sahibinin bizzat ilgilenmesi memnuniyet derecesini artt\u0131rmaktad\u0131r. Odalar temiz, kahvalt\u0131 g\u00fczel bittik\u00e7e hemen tamamlan\u0131yor. \u015eehir merkezinde ve her yere y\u00fcr\u00fcme mesafesinde olmas\u0131 ekstra kolayl\u0131k sa\u011flamaktad\u0131r.\nBiz iki aile memnun kald\u0131k, tekrar gitmek isteriz, herkese keyifle \u00f6neririz.\"                                <\/div>\n                                <div class=\"elementor-testimonial-meta-inner\">\n\n                                    <div class=\"elementor-testimonial-rating star_5\">\n\n                                                                                    <i class=\"fa fa-star\" aria-hidden=\"true\"><\/i>\n                                                                                        <i class=\"fa fa-star\" aria-hidden=\"true\"><\/i>\n                                                                                        <i class=\"fa fa-star\" aria-hidden=\"true\"><\/i>\n                                                                                        <i class=\"fa fa-star\" aria-hidden=\"true\"><\/i>\n                                                                                        <i class=\"fa fa-star\" aria-hidden=\"true\"><\/i>\n                                                                                <\/div>\n\n                                            <div class=\"elementor-testimonial-image\">\n                    <\/div>\n        \n                                    <div class=\"elementor-testimonial-details\">\n                                                                                <div class=\"elementor-testimonial-name\"><a href=\"#\">Serdar Murat<\/a><\/div>\n                                        <div class=\"elementor-testimonial-job\">02 May\u0131s 2023<\/div>\n                                    <\/div>\n                                <\/div>\n\n                            <\/div>\n\n                        <\/div>\n                                    <\/div>\n            <\/div>\n            \t\t\t\t<\/div>\n\t\t\t\t<\/div>\n\t\t\t\t\t<\/div>\n\t\t<\/div>\n\t\t\t\t\t<\/div>\n\t\t<\/div>\n\t\t\t\t<div class=\"elementor-section elementor-top-section elementor-element elementor-element-63b1874 elementor-section-stretched elementor-section-boxed elementor-section-height-default elementor-section-height-default\" data-id=\"63b1874\" data-element_type=\"section\" data-settings=\"{&quot;stretch_section&quot;:&quot;section-stretched&quot;}\">\n\t\t\t\t\t\t<div class=\"elementor-container elementor-column-gap-no\">\n\t\t\t\t\t<div class=\"elementor-column elementor-col-33 elementor-top-column elementor-element elementor-element-c611c63\" data-id=\"c611c63\" data-element_type=\"column\" data-settings=\"{&quot;background_background&quot;:&quot;classic&quot;}\">\n\t\t\t<div class=\"elementor-widget-wrap elementor-element-populated\">\n\t\t\t\t\t\t<div class=\"elementor-element elementor-element-8d8fa25 elementor-testimonial-alignment-center elementor-testimonial-style-1 elementor-widget elementor-widget-opal-testimonials\" data-id=\"8d8fa25\" data-element_type=\"widget\" data-widget_type=\"opal-testimonials.default\">\n\t\t\t\t<div class=\"elementor-widget-container\">\n\t\t\t\t\t            <div class=\"elementor-testimonial-wrapper elementor-testimonial-text-align-center\">\n                <div class=\"row\" data-elementor-columns=\"1\">\n                                            <div class=\"elementor-testimonial-item column-item\">\n\n                            <div class=\"elementor-testimonial-content-wrapper\">\n\n                                \n                                                                    <h2 class=\"elementor-testimonial-title\">Harika Deneyim<\/h2>\n                                \n                                <div class=\"elementor-testimonial-content\">\n                                    \u201cOtelinizi internette g\u00f6rd\u00fcm. Hakk\u0131n\u0131zda okudu\u011fum yorumlar ho\u015fuma gitti. Deneyimlemek istedim, E\u015fimle hafta sonu otelinizde kald\u0131k. \u00c7al\u0131\u015fanlar\u0131n\u0131z \u00e7ok candan insanlar, en yak\u0131n zamanda tekrar g\u00f6r\u00fc\u015fmek \u00fczere...\u201d                                <\/div>\n                                <div class=\"elementor-testimonial-meta-inner\">\n\n                                    <div class=\"elementor-testimonial-rating star_5\">\n\n                                                                                    <i class=\"fa fa-star\" aria-hidden=\"true\"><\/i>\n                                                                                        <i class=\"fa fa-star\" aria-hidden=\"true\"><\/i>\n                                                                                        <i class=\"fa fa-star\" aria-hidden=\"true\"><\/i>\n                                                                                        <i class=\"fa fa-star\" aria-hidden=\"true\"><\/i>\n                                                                                        <i class=\"fa fa-star\" aria-hidden=\"true\"><\/i>\n                                                                                <\/div>\n\n                                            <div class=\"elementor-testimonial-image\">\n                    <\/div>\n        \n                                    <div class=\"elementor-testimonial-details\">\n                                                                                <div class=\"elementor-testimonial-name\"><a href=\"#\">\u0130smail Tekduran<\/a><\/div>\n                                        <div class=\"elementor-testimonial-job\">16 Haziran 2022<\/div>\n                                    <\/div>\n                                <\/div>\n\n                            <\/div>\n\n                        <\/div>\n                                    <\/div>\n            <\/div>\n            \t\t\t\t<\/div>\n\t\t\t\t<\/div>\n\t\t\t\t\t<\/div>\n\t\t<\/div>\n\t\t\t\t<div class=\"elementor-column elementor-col-33 elementor-top-column elementor-element elementor-element-1d1b54a\" data-id=\"1d1b54a\" data-element_type=\"column\" data-settings=\"{&quot;background_background&quot;:&quot;classic&quot;}\">\n\t\t\t<div class=\"elementor-widget-wrap elementor-element-populated\">\n\t\t\t\t\t\t<div class=\"elementor-element elementor-element-f8cf5cd elementor-testimonial-alignment-center elementor-testimonial-style-1 elementor-widget elementor-widget-opal-testimonials\" data-id=\"f8cf5cd\" data-element_type=\"widget\" data-widget_type=\"opal-testimonials.default\">\n\t\t\t\t<div class=\"elementor-widget-container\">\n\t\t\t\t\t            <div class=\"elementor-testimonial-wrapper elementor-testimonial-text-align-center\">\n                <div class=\"row\" data-elementor-columns=\"1\">\n                                            <div class=\"elementor-testimonial-item column-item\">\n\n                            <div class=\"elementor-testimonial-content-wrapper\">\n\n                                \n                                                                    <h2 class=\"elementor-testimonial-title\">Birici S\u0131n\u0131f Otelcilik<\/h2>\n                                \n                                <div class=\"elementor-testimonial-content\">\n                                    \"Otelinizi arkada\u015f\u0131m \u00f6nerdi, Otele girdi\u011fimide muhte\u015fem kokuya ve odamdan g\u00f6rd\u00fc\u011f\u00fcm manzaraya hayran oldum. Odam harikayd\u0131, ayr\u0131ca yemeklerinizde \u00e7ok lezzetli, t\u00fcm arkada\u015flar\u0131ma tavsiye edece\u011fim\"                                <\/div>\n                                <div class=\"elementor-testimonial-meta-inner\">\n\n                                    <div class=\"elementor-testimonial-rating star_5\">\n\n                                                                                    <i class=\"fa fa-star\" aria-hidden=\"true\"><\/i>\n                                                                                        <i class=\"fa fa-star\" aria-hidden=\"true\"><\/i>\n                                                                                        <i class=\"fa fa-star\" aria-hidden=\"true\"><\/i>\n                                                                                        <i class=\"fa fa-star\" aria-hidden=\"true\"><\/i>\n                                                                                        <i class=\"fa fa-star\" aria-hidden=\"true\"><\/i>\n                                                                                <\/div>\n\n                                            <div class=\"elementor-testimonial-image\">\n                    <\/div>\n        \n                                    <div class=\"elementor-testimonial-details\">\n                                                                                <div class=\"elementor-testimonial-name\"><a href=\"#\">Esra Ko\u00e7birler<\/a><\/div>\n                                        <div class=\"elementor-testimonial-job\">28 A\u011fustos 2022<\/div>\n                                    <\/div>\n                                <\/div>\n\n                            <\/div>\n\n                        <\/div>\n                                    <\/div>\n            <\/div>\n            \t\t\t\t<\/div>\n\t\t\t\t<\/div>\n\t\t\t\t\t<\/div>\n\t\t<\/div>\n\t\t\t\t<div class=\"elementor-column elementor-col-33 elementor-top-column elementor-element elementor-element-ea744c1\" data-id=\"ea744c1\" data-element_type=\"column\" data-settings=\"{&quot;background_background&quot;:&quot;classic&quot;}\">\n\t\t\t<div class=\"elementor-widget-wrap elementor-element-populated\">\n\t\t\t\t\t\t<div class=\"elementor-element elementor-element-70f5eec elementor-testimonial-alignment-center elementor-testimonial-style-1 elementor-widget elementor-widget-opal-testimonials\" data-id=\"70f5eec\" data-element_type=\"widget\" data-widget_type=\"opal-testimonials.default\">\n\t\t\t\t<div class=\"elementor-widget-container\">\n\t\t\t\t\t            <div class=\"elementor-testimonial-wrapper elementor-testimonial-text-align-center\">\n                <div class=\"row\" data-elementor-columns=\"1\">\n                                            <div class=\"elementor-testimonial-item column-item\">\n\n                            <div class=\"elementor-testimonial-content-wrapper\">\n\n                                \n                                                                    <h2 class=\"elementor-testimonial-title\">Excellent hotel <\/h2>\n                                \n                                <div class=\"elementor-testimonial-content\">\n                                    \u201cThis was our 4th visit to the hotel. Once again really enjoyed our stay. Nice view.\u201d                                <\/div>\n                                <div class=\"elementor-testimonial-meta-inner\">\n\n                                    <div class=\"elementor-testimonial-rating star_5\">\n\n                                                                                    <i class=\"fa fa-star\" aria-hidden=\"true\"><\/i>\n                                                                                        <i class=\"fa fa-star\" aria-hidden=\"true\"><\/i>\n                                                                                        <i class=\"fa fa-star\" aria-hidden=\"true\"><\/i>\n                                                                                        <i class=\"fa fa-star\" aria-hidden=\"true\"><\/i>\n                                                                                        <i class=\"fa fa-star\" aria-hidden=\"true\"><\/i>\n                                                                                <\/div>\n\n                                            <div class=\"elementor-testimonial-image\">\n                    <\/div>\n        \n                                    <div class=\"elementor-testimonial-details\">\n                                                                                <div class=\"elementor-testimonial-name\"><a href=\"#\">Mike Ankers<\/a><\/div>\n                                        <div class=\"elementor-testimonial-job\">3 Eyl\u00fcl 2022<\/div>\n                                    <\/div>\n                                <\/div>\n\n                            <\/div>\n\n                        <\/div>\n                                    <\/div>\n            <\/div>\n            \t\t\t\t<\/div>\n\t\t\t\t<\/div>\n\t\t\t\t\t<\/div>\n\t\t<\/div>\n\t\t\t\t\t<\/div>\n\t\t<\/div>\n\t\t\t\t<section class=\"elementor-section elementor-top-section elementor-element elementor-element-acd2b17 elementor-section-boxed elementor-section-height-default elementor-section-height-default\" data-id=\"acd2b17\" data-element_type=\"section\">\n\t\t\t\t\t\t<div class=\"elementor-container elementor-column-gap-default\">\n\t\t\t\t\t<div class=\"elementor-column elementor-col-100 elementor-top-column elementor-element elementor-element-d1eacbe\" data-id=\"d1eacbe\" data-element_type=\"column\">\n\t\t\t<div class=\"elementor-widget-wrap elementor-element-populated\">\n\t\t\t\t\t\t<div class=\"elementor-element elementor-element-ae030b8 elementor-widget elementor-widget-wpforms\" data-id=\"ae030b8\" data-element_type=\"widget\" data-widget_type=\"wpforms.default\">\n\t\t\t\t<div class=\"elementor-widget-container\">\n\t\t\t\t\t<div class=\"wpforms-container wpforms-container-full\" id=\"wpforms-3026\"><form id=\"wpforms-form-3026\" class=\"wpforms-validate wpforms-form wpforms-ajax-form\" data-formid=\"3026\" method=\"post\" enctype=\"multipart\/form-data\" action=\"\/en\/wp-json\/wp\/v2\/pages\/3021\" data-token=\"cfeabfa701a0c2faff3095620e1508dc\" data-token-time=\"1777286115\"><noscript class=\"wpforms-error-noscript\">Please enable JavaScript in your browser to complete this form.<\/noscript><div class=\"wpforms-field-container\"><div id=\"wpforms-3026-field_0-container\" class=\"wpforms-field wpforms-field-name\" data-field-id=\"0\"><label class=\"wpforms-field-label\" for=\"wpforms-3026-field_0\">Name <span class=\"wpforms-required-label\">*<\/span><\/label><input type=\"text\" id=\"wpforms-3026-field_0\" class=\"wpforms-field-medium wpforms-field-required\" name=\"wpforms[fields][0]\" required><\/div><div id=\"wpforms-3026-field_1-container\" class=\"wpforms-field wpforms-field-email\" data-field-id=\"1\"><label class=\"wpforms-field-label\" for=\"wpforms-3026-field_1\">eMail <span class=\"wpforms-required-label\">*<\/span><\/label><input type=\"email\" id=\"wpforms-3026-field_1\" class=\"wpforms-field-medium wpforms-field-required\" name=\"wpforms[fields][1]\" spellcheck=\"false\" required><\/div><div id=\"wpforms-3026-field_4-container\" class=\"wpforms-field wpforms-field-select wpforms-field-select-style-modern\" data-field-id=\"4\"><label class=\"wpforms-field-label\" for=\"wpforms-3026-field_4\">Room Number you stayed <span class=\"wpforms-required-label\">*<\/span><\/label><select id=\"wpforms-3026-field_4\" class=\"wpforms-field-medium wpforms-field-required choicesjs-select\" data-size-class=\"wpforms-field-row wpforms-field-medium\" data-search-enabled=\"1\" name=\"wpforms[fields][4]\" required=\"required\"><option value=\"\" class=\"placeholder\" disabled  selected='selected'>- Please select -<\/option><option value=\"101\" >101<\/option><option value=\"102\" >102<\/option><option value=\"103\" >103<\/option><option value=\"104\" >104<\/option><option value=\"105\" >105<\/option><option value=\"201\" >201<\/option><option value=\"202\" >202<\/option><option value=\"203\" >203<\/option><option value=\"204\" >204<\/option><option value=\"205\" >205<\/option><option value=\"206\" >206<\/option><option value=\"207\" >207<\/option><\/select><\/div><div id=\"wpforms-3026-field_3-container\" class=\"wpforms-field wpforms-field-text\" data-field-id=\"3\"><label class=\"wpforms-field-label\" for=\"wpforms-3026-field_3\">Brief Comment <span class=\"wpforms-required-label\">*<\/span><\/label><input type=\"text\" id=\"wpforms-3026-field_3\" class=\"wpforms-field-medium wpforms-field-required\" name=\"wpforms[fields][3]\" required><\/div><div id=\"wpforms-3026-field_2-container\" class=\"wpforms-field wpforms-field-textarea\" data-field-id=\"2\"><label class=\"wpforms-field-label\" for=\"wpforms-3026-field_2\">Detailed Comment of your stay <span class=\"wpforms-required-label\">*<\/span><\/label><textarea id=\"wpforms-3026-field_2\" class=\"wpforms-field-medium wpforms-field-required\" name=\"wpforms[fields][2]\" required><\/textarea><\/div><\/div><!-- .wpforms-field-container --><div class=\"wpforms-recaptcha-container wpforms-is-recaptcha wpforms-is-recaptcha-type-v3\" ><input type=\"hidden\" name=\"wpforms[recaptcha]\" value=\"\"><\/div><div class=\"wpforms-submit-container\" ><input type=\"hidden\" name=\"wpforms[id]\" value=\"3026\"><input type=\"hidden\" name=\"page_title\" value=\"\"><input type=\"hidden\" name=\"page_url\" value=\"https:\/\/sardiniaotel.com\/en\/wp-json\/wp\/v2\/pages\/3021\"><input type=\"hidden\" name=\"url_referer\" value=\"\"><button type=\"submit\" name=\"wpforms[submit]\" id=\"wpforms-submit-3026\" class=\"wpforms-submit\" data-alt-text=\"Sending...\" data-submit-text=\"Send\" aria-live=\"assertive\" value=\"wpforms-submit\">Send<\/button><img decoding=\"async\" src=\"https:\/\/sardiniaotel.com\/en\/wp-content\/plugins\/wpforms-lite\/assets\/images\/submit-spin.svg\" class=\"wpforms-submit-spinner\" style=\"display: none;\" width=\"26\" height=\"26\" alt=\"Loading\"><\/div><\/form><\/div>  <!-- .wpforms-container -->\t\t\t\t<\/div>\n\t\t\t\t<\/div>\n\t\t\t\t\t<\/div>\n\t\t<\/div>\n\t\t\t\t\t<\/div>\n\t\t<\/section>\n\t\t\t\t<\/div>\n\t\t","protected":false},"excerpt":{"rendered":"<p>Memnun Kald\u0131k Eyl\u00fcl ay\u0131nda, otelde konaklad\u0131k.. Can beyin ve \u00e7al\u0131\u015fanlar\u0131n samimiyetleri,s\u0131cakkanl\u0131 yakla\u015f\u0131mlar\u0131 bizi \u00e7ok mutlu etti\u2026 Otel,temiz ve nezih\u2026Merkezde olmas\u0131 nedeniyle de y\u00fcr\u00fcyerek Amasra\u2019da gezme imkan\u0131 bulduk\u2026. Kesinlikle herkese \u00f6neriyoruz\u2026 Nazan \u00c7elik 20 Eyl\u00fcl 2023 Memnun Kald\u0131k &#8220;Merhaba, 29-30 Nisan ve 1 May\u0131s tarihleri aras\u0131nda Amasra&#8217;y\u0131 ilk kez g\u00f6rmek istiyorduk. \u0130\u015f yerimizdeki arkada\u015f\u0131m\u0131z\u0131n tavsiyesi \u00fczerine &hellip; <span class=\"more-link-wrap\"><a href=\"https:\/\/sardiniaotel.com\/en\/comments\/\" class=\"more-link\">Read More <span class=\"screen-reader-text\"> &#8220;Comments&#8221;<\/span><\/a><\/span><\/p>\n","protected":false},"author":1,"featured_media":0,"parent":0,"menu_order":0,"comment_status":"closed","ping_status":"closed","template":"page-elementor.php","meta":{"inline_featured_image":false,"_monsterinsights_skip_tracking":false,"_monsterinsights_sitenote_active":false,"_monsterinsights_sitenote_note":"","_monsterinsights_sitenote_category":0,"footnotes":""},"class_list":["post-3021","page","type-page","status-publish","hentry"],"aioseo_notices":[],"_links":{"self":[{"href":"https:\/\/sardiniaotel.com\/en\/wp-json\/wp\/v2\/pages\/3021","targetHints":{"allow":["GET"]}}],"collection":[{"href":"https:\/\/sardiniaotel.com\/en\/wp-json\/wp\/v2\/pages"}],"about":[{"href":"https:\/\/sardiniaotel.com\/en\/wp-json\/wp\/v2\/types\/page"}],"author":[{"embeddable":true,"href":"https:\/\/sardiniaotel.com\/en\/wp-json\/wp\/v2\/users\/1"}],"replies":[{"embeddable":true,"href":"https:\/\/sardiniaotel.com\/en\/wp-json\/wp\/v2\/comments?post=3021"}],"version-history":[{"count":12,"href":"https:\/\/sardiniaotel.com\/en\/wp-json\/wp\/v2\/pages\/3021\/revisions"}],"predecessor-version":[{"id":3727,"href":"https:\/\/sardiniaotel.com\/en\/wp-json\/wp\/v2\/pages\/3021\/revisions\/3727"}],"wp:attachment":[{"href":"https:\/\/sardiniaotel.com\/en\/wp-json\/wp\/v2\/media?parent=3021"}],"curies":[{"name":"wp","href":"https:\/\/api.w.org\/{rel}","templated":true}]}}